{"id":174,"date":"2016-05-10T15:45:53","date_gmt":"2016-05-10T13:45:53","guid":{"rendered":"http:\/\/tutgut-neuler.de\/?page_id=174"},"modified":"2026-02-10T17:42:48","modified_gmt":"2026-02-10T16:42:48","slug":"fusspflege","status":"publish","type":"page","link":"https:\/\/tutgut-neuler.de\/index.php\/leistungen\/fusspflege\/","title":{"rendered":"Fu\u00dfpflege"},"content":{"rendered":"<p><img decoding=\"async\" class=\"imagetop\" src=\"http:\/\/tutgut-neuler.de\/wp-content\/uploads\/2016\/05\/Fu\u00dfpflege-1024x682.jpg\" alt=\"Lymphdrainange\" \/><br \/>Jede Fu\u00dfpflege beginnt bei Bedarf mit einem kurzen Fu\u00dfbad. Danach werden die N\u00e4gel gereinigt, gek\u00fcrzt und in Form gebracht und anschlie\u00dfend evtl. noch vorhandene Hornhaut, Schrunden, H\u00fchneraugen, etc. bearbeitet und ggf. entfernt. Der Abschlu\u00df bildet eine kurze Fu\u00dfmassage mit einer auf Sie abgestimmten Creme.<\/p>\n<table>\n<tbody>\n<tr>\n<td>Fu\u00dfpflege<\/td>\n<td>(Zeit je nach Aufwand) 35\u20ac<\/td>\n<\/tr>\n<\/tbody>\n<\/table>\n\n\n<p><\/p>\n","protected":false},"excerpt":{"rendered":"<p>Jede Fu\u00dfpflege beginnt bei Bedarf mit einem kurzen Fu\u00dfbad. Danach&#8230;  <a class=\"excerpt-read-more\" href=\"https:\/\/tutgut-neuler.de\/index.php\/leistungen\/fusspflege\/\" title=\"ReadFu\u00dfpflege\">Read more &raquo;<\/a><\/p>\n","protected":false},"author":1,"featured_media":0,"parent":61,"menu_order":0,"comment_status":"closed","ping_status":"closed","template":"page-templates\/page-full-width.php","meta":{"footnotes":""},"_links":{"self":[{"href":"https:\/\/tutgut-neuler.de\/index.php\/wp-json\/wp\/v2\/pages\/174"}],"collection":[{"href":"https:\/\/tutgut-neuler.de\/index.php\/wp-json\/wp\/v2\/pages"}],"about":[{"href":"https:\/\/tutgut-neuler.de\/index.php\/wp-json\/wp\/v2\/types\/page"}],"author":[{"embeddable":true,"href":"https:\/\/tutgut-neuler.de\/index.php\/wp-json\/wp\/v2\/users\/1"}],"replies":[{"embeddable":true,"href":"https:\/\/tutgut-neuler.de\/index.php\/wp-json\/wp\/v2\/comments?post=174"}],"version-history":[{"count":6,"href":"https:\/\/tutgut-neuler.de\/index.php\/wp-json\/wp\/v2\/pages\/174\/revisions"}],"predecessor-version":[{"id":287,"href":"https:\/\/tutgut-neuler.de\/index.php\/wp-json\/wp\/v2\/pages\/174\/revisions\/287"}],"up":[{"embeddable":true,"href":"https:\/\/tutgut-neuler.de\/index.php\/wp-json\/wp\/v2\/pages\/61"}],"wp:attachment":[{"href":"https:\/\/tutgut-neuler.de\/index.php\/wp-json\/wp\/v2\/media?parent=174"}],"curies":[{"name":"wp","href":"https:\/\/api.w.org\/{rel}","templated":true}]}}