{"id":59,"date":"2015-11-02T15:04:04","date_gmt":"2015-11-02T14:04:04","guid":{"rendered":"http:\/\/tutgut-neuler.de\/?page_id=59"},"modified":"2016-05-10T15:52:25","modified_gmt":"2016-05-10T13:52:25","slug":"ort","status":"publish","type":"page","link":"https:\/\/tutgut-neuler.de\/index.php\/ort\/","title":{"rendered":"Ort"},"content":{"rendered":"<p><img decoding=\"async\"  class=\"imagetop\" style=\"width:250px;float:left;margin-right:15px;\" src=\"\/wp-content\/uploads\/2015\/11\/SchneckenhausCollage-1024x944.jpg\" alt=\"SchneckenhausCollage\"  \/>Meine Praxis befindet sich in Neuler in der Br\u00fchlstra\u00dfe 6 (neben dem Sportplatz). Ein Parkplatz steht direkt im Hof zur Verf\u00fcgung, der Eingang befindet sich hinter dem Hauseingang, die Kellertreppe runter.<br clear=\"both\"\/><\/p>\n<table>\n<tr>\n<td>\n<img loading=\"lazy\" decoding=\"async\" src=\"http:\/\/tutgut-neuler.de\/wp-content\/uploads\/2016\/03\/DSCN0803-e1457772638139.jpg\" alt=\"MassageRaum_Sessel\" width=\"1000\" height=\"750\" class=\"alignnone size-full wp-image-169\" \/>\n<\/td>\n<td>\n<img loading=\"lazy\" decoding=\"async\" src=\"http:\/\/tutgut-neuler.de\/wp-content\/uploads\/2016\/03\/DSCN0808-e1457772597109.jpg\" alt=\"MassageRaum_Liege\" width=\"1000\" height=\"750\" class=\"alignnone size-full wp-image-168\" \/><\/td>\n<tr>\n<td colspan=\"2\">\n<img loading=\"lazy\" decoding=\"async\" src=\"http:\/\/tutgut-neuler.de\/wp-content\/uploads\/2016\/03\/DSCN0810-e1457772560812.jpg\" alt=\"DSCN0810\" width=\"1000\" height=\"750\" class=\"alignnone size-full wp-image-167\" \/>\n<\/td>\n<\/tr>\n<\/table>\n<p><br style=\"clear:both;\"\/><iframe src=\"https:\/\/www.google.com\/maps\/embed?pb=!1m14!1m8!1m3!1d5242.526873051791!2d10.06569!3d48.929424!3m2!1i1024!2i768!4f13.1!3m3!1m2!1s0x4798e2ab4a98d319%3A0xd280670b69178e5d!2sTutGut-Entspannen+und+Wohlf%C3%BChlen!5e0!3m2!1sde!2sde!4v1462888223710\" width=\"100%\" frameborder=\"0\" style=\"margin-top:15px;border:0;min-height:400px\" allowfullscreen><\/iframe><\/p>\n","protected":false},"excerpt":{"rendered":"<p>Meine Praxis befindet sich in Neuler in der Br\u00fchlstra\u00dfe 6&#8230;  <a class=\"excerpt-read-more\" href=\"https:\/\/tutgut-neuler.de\/index.php\/ort\/\" title=\"ReadOrt\">Read more &raquo;<\/a><\/p>\n","protected":false},"author":1,"featured_media":0,"parent":0,"menu_order":0,"comment_status":"closed","ping_status":"closed","template":"page-templates\/page-full-width.php","meta":{"footnotes":""},"_links":{"self":[{"href":"https:\/\/tutgut-neuler.de\/index.php\/wp-json\/wp\/v2\/pages\/59"}],"collection":[{"href":"https:\/\/tutgut-neuler.de\/index.php\/wp-json\/wp\/v2\/pages"}],"about":[{"href":"https:\/\/tutgut-neuler.de\/index.php\/wp-json\/wp\/v2\/types\/page"}],"author":[{"embeddable":true,"href":"https:\/\/tutgut-neuler.de\/index.php\/wp-json\/wp\/v2\/users\/1"}],"replies":[{"embeddable":true,"href":"https:\/\/tutgut-neuler.de\/index.php\/wp-json\/wp\/v2\/comments?post=59"}],"version-history":[{"count":28,"href":"https:\/\/tutgut-neuler.de\/index.php\/wp-json\/wp\/v2\/pages\/59\/revisions"}],"predecessor-version":[{"id":182,"href":"https:\/\/tutgut-neuler.de\/index.php\/wp-json\/wp\/v2\/pages\/59\/revisions\/182"}],"wp:attachment":[{"href":"https:\/\/tutgut-neuler.de\/index.php\/wp-json\/wp\/v2\/media?parent=59"}],"curies":[{"name":"wp","href":"https:\/\/api.w.org\/{rel}","templated":true}]}}