{"id":71,"date":"2015-11-13T19:20:06","date_gmt":"2015-11-13T18:20:06","guid":{"rendered":"http:\/\/tutgut-neuler.de\/?page_id=71"},"modified":"2026-02-10T17:46:09","modified_gmt":"2026-02-10T16:46:09","slug":"kraeuterstempelmassage","status":"publish","type":"page","link":"https:\/\/tutgut-neuler.de\/index.php\/leistungen\/kraeuterstempelmassage\/","title":{"rendered":"Mama- bzw. Schwangerenverw\u00f6hnprogramm"},"content":{"rendered":"<p><img decoding=\"async\" class=\"imagetop\" style=\"width: 300px;\" src=\"\/wp-content\/uploads\/2018\/05\/Schwangerenmassage.jpg\" \/>Ein besonders f\u00fcr Mamas oder werdende Mamas abgestimmtes Verw\u00f6hnprogramm in 4 unterschiedlichen Varianten. Die Behandlungsintensit\u00e4t, sowie die Lagerung (auch in Seitenlage, R\u00fcckenlage oder im Sitzen m\u00f6glich) werden individuell auf die Bed\u00fcrfnisse jeder einzelnen abgestimmt. Ebenso werden auf bestimmte Kontrandikationen w\u00e4hrend einer Schwangerschaft geachtet.<\/p>\n<table>\n<tbody>\n<tr>\n<td>Variante 1: Entspannungsmassage R\u00fccken-Nacken 20min. + Fu\u00dfpflege<\/td>\n<td>60\u20ac<\/td>\n<\/tr>\n<tr>\n<td>Variante 2: Lymphdrainage gegen angelaufene Beine 30min. + Fu\u00dfpflege<\/td>\n<td>70\u20ac<\/td>\n<\/tr>\n<tr>\n<td>Variante 3: Lomi-Lomi 30min. + Fu\u00dfpflege<\/td>\n<td>80\u20ac<\/td>\n<\/tr>\n<tr>\n<td>Variante 4: Entspannungsmassage R\u00fccken-Nacken 20min. + Lymphdrainage\u00a0 gegen angelaufene Beine 30min.<\/td>\n<td>65\u20ac<\/td>\n<\/tr>\n<\/tbody>\n<\/table>\n\n\n<p><\/p>\n","protected":false},"excerpt":{"rendered":"<p>Ein besonders f\u00fcr Mamas oder werdende Mamas abgestimmtes Verw\u00f6hnprogramm in&#8230;  <a class=\"excerpt-read-more\" href=\"https:\/\/tutgut-neuler.de\/index.php\/leistungen\/kraeuterstempelmassage\/\" title=\"ReadMama- bzw. Schwangerenverw\u00f6hnprogramm\">Read more &raquo;<\/a><\/p>\n","protected":false},"author":1,"featured_media":0,"parent":61,"menu_order":0,"comment_status":"closed","ping_status":"closed","template":"page-templates\/page-full-width.php","meta":{"footnotes":""},"_links":{"self":[{"href":"https:\/\/tutgut-neuler.de\/index.php\/wp-json\/wp\/v2\/pages\/71"}],"collection":[{"href":"https:\/\/tutgut-neuler.de\/index.php\/wp-json\/wp\/v2\/pages"}],"about":[{"href":"https:\/\/tutgut-neuler.de\/index.php\/wp-json\/wp\/v2\/types\/page"}],"author":[{"embeddable":true,"href":"https:\/\/tutgut-neuler.de\/index.php\/wp-json\/wp\/v2\/users\/1"}],"replies":[{"embeddable":true,"href":"https:\/\/tutgut-neuler.de\/index.php\/wp-json\/wp\/v2\/comments?post=71"}],"version-history":[{"count":13,"href":"https:\/\/tutgut-neuler.de\/index.php\/wp-json\/wp\/v2\/pages\/71\/revisions"}],"predecessor-version":[{"id":291,"href":"https:\/\/tutgut-neuler.de\/index.php\/wp-json\/wp\/v2\/pages\/71\/revisions\/291"}],"up":[{"embeddable":true,"href":"https:\/\/tutgut-neuler.de\/index.php\/wp-json\/wp\/v2\/pages\/61"}],"wp:attachment":[{"href":"https:\/\/tutgut-neuler.de\/index.php\/wp-json\/wp\/v2\/media?parent=71"}],"curies":[{"name":"wp","href":"https:\/\/api.w.org\/{rel}","templated":true}]}}